{"id":2,"date":"2012-06-18T11:39:07","date_gmt":"2012-06-18T11:39:07","guid":{"rendered":"http:\/\/www.soleilnoir.ch\/sun\/?page_id=2"},"modified":"2013-01-06T22:57:15","modified_gmt":"2013-01-06T21:57:15","slug":"sample-page","status":"publish","type":"page","link":"http:\/\/www.soleilnoir.ch\/sun\/?page_id=2","title":{"rendered":"A PROPOS"},"content":{"rendered":"<p>Association suisse-romande pour la promotion des musiques neofolk et martiale-industrielle.<\/p>\n<div>SoleilNoir: 2001 &#8211; 2008.<br \/>\nSoNo: 2008 &#8211; eternity.<\/p>\n<div><\/div>\n<div><\/div>\n<blockquote><p><em>SoleilNoir a pour but :<\/em><br \/>\n<em> 1. De promouvoir, par l&rsquo;organisation de concerts et de soir\u00e9es musicales en des lieux adapt\u00e9s, la musique dite n\u00e9ofolk ou dark folk, \u00e0 savoir une musique acoustique, d&rsquo;essence traditionnelle, mais ayant int\u00e9gr\u00e9 la d\u00e9chirure de la modernit\u00e9.<\/em><br \/>\n<em> 2. De promouvoir, par la mise sur pied de performances et de manifestations hors-normes, une certaine forme d&rsquo;art, contemporaine par contingence mais traditionnelle dans son essence.<\/em><br \/>\n<em> 3. De proposer, ici et maintenant, une forme de culture qui ne soit ni \u00e9litiste, ni vulgaire, mais destin\u00e9e \u00e0 l&rsquo;individu; ni pass\u00e9iste, ni moderne, mais fondamentale et \u00e9ternelle ; ni d&rsquo;hier, ni d&rsquo;aujourd&rsquo;hui, mais de toujours.<\/em><br \/>\n<em> Toute culture est r\u00e9sistance.<\/em><\/p>\n<p><em><strong>Pr\u00e9ambule aux Statuts de l&rsquo;association<br \/>\n14.12.2001.<\/strong><\/em><\/p><\/blockquote>\n<p>&nbsp;<\/p>\n<p><span style=\"color: #808080;\">Je suis le T\u00e9n\u00e9breux, &#8211; le Veuf, &#8211; l&rsquo;Inconsol\u00e9,<\/span><br \/>\n<span style=\"color: #808080;\"> Le Prince d&rsquo;Aquitaine \u00e0 la Tour abolie :<\/span><br \/>\n<span style=\"color: #808080;\"> Ma seule \u00c9toile est morte, &#8211; et mon luth constell\u00e9<\/span><br \/>\n<span style=\"color: #808080;\"> Porte le Soleil Noir de la M\u00e9lancolie.<\/span><br \/>\n<em><span style=\"color: #808080;\"> G\u00e9rard de Nerval<\/span><\/em><\/p>\n<p><a href=\"http:\/\/www.europeana.eu\/portal\/search.html?query=what%3AScheibe\"><img decoding=\"async\" loading=\"lazy\" class=\" wp-image-353 alignleft\" alt=\"zierscheibe4\" src=\"http:\/\/www.soleilnoir.ch\/sun\/wp-content\/uploads\/2012\/06\/zierscheibe4-171x300.jpg\" width=\"103\" height=\"180\" srcset=\"http:\/\/www.soleilnoir.ch\/sun\/wp-content\/uploads\/2012\/06\/zierscheibe4-171x300.jpg 171w, http:\/\/www.soleilnoir.ch\/sun\/wp-content\/uploads\/2012\/06\/zierscheibe4-210x366.jpg 210w, http:\/\/www.soleilnoir.ch\/sun\/wp-content\/uploads\/2012\/06\/zierscheibe4.jpg 324w\" sizes=\"(max-width: 103px) 100vw, 103px\" \/><\/p>\n<p><\/a>&nbsp;<\/p>\n<\/div>\n","protected":false},"excerpt":{"rendered":"<p>Association suisse-romande pour la promotion des musiques neofolk et martiale-industrielle. SoleilNoir: 2001 &#8211; 2008. SoNo: 2008 &#8211; eternity. SoleilNoir a pour but : 1. De promouvoir, par l&rsquo;organisation de concerts et de soir\u00e9es musicales en des lieux adapt\u00e9s, la musique<\/p>\n","protected":false},"author":1,"featured_media":0,"parent":0,"menu_order":0,"comment_status":"open","ping_status":"open","template":"","meta":{"ngg_post_thumbnail":0},"_links":{"self":[{"href":"http:\/\/www.soleilnoir.ch\/sun\/index.php?rest_route=\/wp\/v2\/pages\/2"}],"collection":[{"href":"http:\/\/www.soleilnoir.ch\/sun\/index.php?rest_route=\/wp\/v2\/pages"}],"about":[{"href":"http:\/\/www.soleilnoir.ch\/sun\/index.php?rest_route=\/wp\/v2\/types\/page"}],"author":[{"embeddable":true,"href":"http:\/\/www.soleilnoir.ch\/sun\/index.php?rest_route=\/wp\/v2\/users\/1"}],"replies":[{"embeddable":true,"href":"http:\/\/www.soleilnoir.ch\/sun\/index.php?rest_route=%2Fwp%2Fv2%2Fcomments&post=2"}],"version-history":[{"count":9,"href":"http:\/\/www.soleilnoir.ch\/sun\/index.php?rest_route=\/wp\/v2\/pages\/2\/revisions"}],"predecessor-version":[{"id":9,"href":"http:\/\/www.soleilnoir.ch\/sun\/index.php?rest_route=\/wp\/v2\/pages\/2\/revisions\/9"}],"wp:attachment":[{"href":"http:\/\/www.soleilnoir.ch\/sun\/index.php?rest_route=%2Fwp%2Fv2%2Fmedia&parent=2"}],"curies":[{"name":"wp","href":"https:\/\/api.w.org\/{rel}","templated":true}]}}